{"id":72,"date":"2010-09-24T19:49:10","date_gmt":"2010-09-24T19:49:10","guid":{"rendered":"http:\/\/trafikcity.weblog.mur.at\/?page_id=72"},"modified":"2010-10-25T15:27:55","modified_gmt":"2010-10-25T15:27:55","slug":"trafik-1-hubert","status":"publish","type":"page","link":"https:\/\/trafikcity.net\/?page_id=72","title":{"rendered":"Trafik 3: Hubert S. 65, Pensionist"},"content":{"rendered":"<p>Fr\u00fcher, als Hubert noch Raucher war, kam er fast t\u00e4glich in die Trafik, um Zigaretten der Marke &#8222;Memphis&#8220; zu kaufen. Da er nun aber seit beinahe 15 Jahren stolzer Nichtraucher ist, kommt er seltener vorbei, eigentlich nur mehr, um sich eine Fahrkarte f\u00fcr den Bus zu besorgen oder um Lotto zu spielen. Hubert tippt nicht regelm\u00e4\u00dfig, doch wenn es einen Jackpot oder gar einen Dreifachjackpot auszuspielen gibt, probiert er sein Gl\u00fcck. Er f\u00e4hrt dann mit seinem Fahrrad von seiner Wohnung in der Feldgasse das kurze St\u00fcck zur Trafik in die Vinzenz-Muchitsch-Stra\u00dfe und spielt einen Schein mit vier Quicktipps um 5,70 Euro.<\/p>\n<p><strong>Feldgasse \/ <\/strong><strong>1981 bis heute <\/strong><br \/>\nHubert wohnt mit seiner Frau Erna in einem der Hochh\u00e4user zwischen der Feldgasse und der S\u00fcdbahn in einer Dreizimmerwohnung mit einem kleinen Balkon. Schon seit 1981 lebt das kinderlose Ehepaar hier. Die Wohnung liegt im vierten Stock, von wo aus Hubert einen freien Blick auf die gegen\u00fcberliegende Schrebergartenanlage \u201eRosengarten\u201c hat. In der Kleingartenanlage hat das Paar nun schon seit zwanzig Jahren eine Parzelle mit einem kleinen Gartenh\u00e4uschen gepachtet. In der warmen Jahreszeit verbringt Hubert viel Zeit in seinem Garten, wo er auch Gem\u00fcse anpflanzt. Dass der Garten direkt gegen\u00fcber seiner Wohnung liegt, findet Hubert sehr praktisch, da er am Vormittag, w\u00e4hrend seine Frau kocht, in die Schrebergartenanlage gehen und frischen Salat f\u00fcr das Mittagessen holen kann.<\/p>\n<p><strong>Triester Stra\u00dfe \/ <\/strong><strong>1965 bis 1982 <\/strong><br \/>\nBevor Hubert seine Frau kennenlernte, wohnte er unweit seiner jetzigen Wohnung mit seiner Mutter in der Triestersiedlung, im Muchitsch-Block, wie die in den 1930er Jahren errichteten Gemeindebauten nach einem ehemaligen sozialdemokratischen B\u00fcrgermeister der Stadt Graz benannt wurden. Die Gemeindewohnung der beiden lag im zweiten Stock und war der Triester Stra\u00dfe zugewandt. Als Hubert mit seiner Mutter im Jahr 1965 einzog, befand sich unter ihrer Wohnung eine Filiale der Handelskette Konsum, die nach dem Konkurs im Jahr 1995 einer Postfiliale weichen musste. Aber auch die hat mittlerweile geschlossen &#8211; Einsparungsma\u00dfnahmen, wie Hubert erz\u00e4hlt.<\/p>\n<p><strong>Lendkai \/ <\/strong><strong>1951 bis 1965 <\/strong><br \/>\nVor der Zeit in der Triestersiedlung wohnten Hubert und seine Mutter am Lendkai in einer Zweizimmerwohnung zur Untermiete. Huberts Mutter hatte 1951 beschlossen, die Obersteiermark zu verlassen und in Graz nach Arbeit zu suchen. Nach einiger Zeit fand sie tats\u00e4chlich eine Anstellung in einer Schneiderei, womit das Einkommen f\u00fcr sie und ihren Sohn gesichert war. Hubert besuchte in dieser Zeit die Volks- und Hauptschule und begann eine Lehre als Elektriker bei den \u00f6sterreichischen Bundesbahnen. Dort arbeitete er bis zu seiner Pensionierung im Jahr 1998.<\/p>\n<p><strong> Judenburg \/ <\/strong><strong>1945 bis 1951<\/strong><br \/>\nAufgewachsen ist Hubert in der obersteirischen Stadt Judenburg. Sein Vater ist kurz vor Huberts Geburt im Jahre 1945 im Krieg gefallen und so musste Huberts Mutter alleine f\u00fcr den Sohn sorgen. Die beiden lebten in einem kleinen Haus unweit des Stadtzentrums von Judenburg.<\/p>\n<p><a href=\"http:\/\/www.trafikcity.net\/?page_id=155\">zur\u00fcck zur Trafik 3<\/a> |\u00a0<a href=\"http:\/\/www.trafikcity.net\/?page_id=68\">zur\u00fcck zur \u00dcbersicht<\/a> |\u00a0<a href=\"http:\/\/www.trafikcity.net\/\">Home<\/a><\/p>\n","protected":false},"excerpt":{"rendered":"<p>Fr\u00fcher, als Hubert noch Raucher war, kam er fast t\u00e4glich in die Trafik, um Zigaretten der Marke &#8222;Memphis&#8220; zu kaufen. Da er nun aber seit beinahe 15 Jahren stolzer Nichtraucher ist, kommt er seltener vorbei, eigentlich nur mehr, um sich eine Fahrkarte f\u00fcr den Bus zu besorgen oder um Lotto zu spielen. Hubert tippt nicht [&hellip;]<\/p>\n","protected":false},"author":2,"featured_media":0,"parent":68,"menu_order":0,"comment_status":"open","ping_status":"closed","template":"","meta":[],"_links":{"self":[{"href":"https:\/\/trafikcity.net\/index.php?rest_route=\/wp\/v2\/pages\/72"}],"collection":[{"href":"https:\/\/trafikcity.net\/index.php?rest_route=\/wp\/v2\/pages"}],"about":[{"href":"https:\/\/trafikcity.net\/index.php?rest_route=\/wp\/v2\/types\/page"}],"author":[{"embeddable":true,"href":"https:\/\/trafikcity.net\/index.php?rest_route=\/wp\/v2\/users\/2"}],"replies":[{"embeddable":true,"href":"https:\/\/trafikcity.net\/index.php?rest_route=%2Fwp%2Fv2%2Fcomments&post=72"}],"version-history":[{"count":18,"href":"https:\/\/trafikcity.net\/index.php?rest_route=\/wp\/v2\/pages\/72\/revisions"}],"predecessor-version":[{"id":606,"href":"https:\/\/trafikcity.net\/index.php?rest_route=\/wp\/v2\/pages\/72\/revisions\/606"}],"up":[{"embeddable":true,"href":"https:\/\/trafikcity.net\/index.php?rest_route=\/wp\/v2\/pages\/68"}],"wp:attachment":[{"href":"https:\/\/trafikcity.net\/index.php?rest_route=%2Fwp%2Fv2%2Fmedia&parent=72"}],"curies":[{"name":"wp","href":"https:\/\/api.w.org\/{rel}","templated":true}]}}