{"id":68,"date":"2010-09-24T19:46:30","date_gmt":"2010-09-24T19:46:30","guid":{"rendered":"http:\/\/trafikcity.weblog.mur.at\/?page_id=68"},"modified":"2010-10-25T16:09:04","modified_gmt":"2010-10-25T16:09:04","slug":"knoten-und-netzwerke","status":"publish","type":"page","link":"https:\/\/trafikcity.net\/?page_id=68","title":{"rendered":"Knoten und Netzwerke"},"content":{"rendered":"<p><img loading=\"lazy\" class=\"alignnone size-full wp-image-592\" title=\"tc_uebersicht_e_480\" src=\"http:\/\/trafikcity.weblog.mur.at\/trafikcity\/uploads\/2010\/09\/tc_uebersicht_e_480.jpg\" alt=\"\" width=\"480\" height=\"282\" srcset=\"https:\/\/trafikcity.net\/wp-content\/uploads\/2010\/09\/tc_uebersicht_e_480.jpg 480w, https:\/\/trafikcity.net\/wp-content\/uploads\/2010\/09\/tc_uebersicht_e_480-300x176.jpg 300w\" sizes=\"(max-width: 480px) 100vw, 480px\" \/><\/p>\n<p><strong>Graz Karlau \u2013 Triester Stra\u00dfe<\/strong><\/p>\n<p>Historisch bildete die Mur, der Fluss der die Landeshauptstadt Graz durchflie\u00dft, die soziale Demarkationslinie zwischen der b\u00fcrgerlichen Stadt mit dem Regierungssitz am Fu\u00dfe des Schlossberges und der \u201eMurvorstadt\u201c, die am gegen\u00fcberliegenden Ufer aus vorst\u00e4dtischen D\u00f6rfern, Klosteranlagen, Krankenh\u00e4usern, Kasernen und anderen Disziplinareinrichtungen zu einer st\u00e4dtischen Agglomeration zusammen gewachsen war und die seit der Industrialisierung stark von Gewerbe, Verkehrsinfrastrukturen und sozialem Wohnbau gepr\u00e4gt wurde.<\/p>\n<p>Die vier Tabak-Trafiken liegen in einem Gebiet, das von klaren r\u00e4umliche Barrieren eingegrenzt ist: von der Trasse der S\u00fcd-Bahn bzw. der K\u00e4rntner Stra\u00dfe im Westen, vom Gleis-Bogen der Ostbahn und den Mauern der Strafvollzugsanstalt Karlau im Norden, vom Zentralfriedhof im S\u00fcden und vom Schlachthof- und Gro\u00dfmarktgel\u00e4nde im Osten. Mitten hindurch verl\u00e4uft die vierspurige Triester Stra\u00dfe, die vor dem Autobahnbau als Teil der sogenannten \u201eGastarbeiterroute\u201c den transnationalen Verkehr in die Nachfolgestaaten Jugoslawiens und in die T\u00fcrkei aufnehmen musste.<\/p>\n<p>Die exakte Lage sowie Informationen zur Anfahrt sind unter dem Eintrag auf <a href=\"http:\/\/maps.google.de\/maps\/ms?ie=UTF8&amp;hl=de&amp;msa=0&amp;msid=115750586026429818357.000491923d9e47c84ffb7&amp;z=17\" target=\"_blank\">Google Maps<\/a> vermerkt.<\/p>\n<p><a href=\"http:\/\/www.trafikcity.net\/?page_id=65\">zur Dokumentation<\/a> |\u00a0<a href=\"http:\/\/www.trafikcity.net\/\">Home<\/a><\/p>\n<p>&nbsp;<\/p>\n<p>&nbsp;<\/p>\n<p>&nbsp;<\/p>\n","protected":false},"excerpt":{"rendered":"<p>Graz Karlau \u2013 Triester Stra\u00dfe Historisch bildete die Mur, der Fluss der die Landeshauptstadt Graz durchflie\u00dft, die soziale Demarkationslinie zwischen der b\u00fcrgerlichen Stadt mit dem Regierungssitz am Fu\u00dfe des Schlossberges und der \u201eMurvorstadt\u201c, die am gegen\u00fcberliegenden Ufer aus vorst\u00e4dtischen D\u00f6rfern, Klosteranlagen, Krankenh\u00e4usern, Kasernen und anderen Disziplinareinrichtungen zu einer st\u00e4dtischen Agglomeration zusammen gewachsen war und die [&hellip;]<\/p>\n","protected":false},"author":2,"featured_media":0,"parent":0,"menu_order":0,"comment_status":"open","ping_status":"open","template":"uebersicht.php","meta":[],"_links":{"self":[{"href":"https:\/\/trafikcity.net\/index.php?rest_route=\/wp\/v2\/pages\/68"}],"collection":[{"href":"https:\/\/trafikcity.net\/index.php?rest_route=\/wp\/v2\/pages"}],"about":[{"href":"https:\/\/trafikcity.net\/index.php?rest_route=\/wp\/v2\/types\/page"}],"author":[{"embeddable":true,"href":"https:\/\/trafikcity.net\/index.php?rest_route=\/wp\/v2\/users\/2"}],"replies":[{"embeddable":true,"href":"https:\/\/trafikcity.net\/index.php?rest_route=%2Fwp%2Fv2%2Fcomments&post=68"}],"version-history":[{"count":40,"href":"https:\/\/trafikcity.net\/index.php?rest_route=\/wp\/v2\/pages\/68\/revisions"}],"predecessor-version":[{"id":619,"href":"https:\/\/trafikcity.net\/index.php?rest_route=\/wp\/v2\/pages\/68\/revisions\/619"}],"wp:attachment":[{"href":"https:\/\/trafikcity.net\/index.php?rest_route=%2Fwp%2Fv2%2Fmedia&parent=68"}],"curies":[{"name":"wp","href":"https:\/\/api.w.org\/{rel}","templated":true}]}}