{"id":65,"date":"2010-09-24T18:46:50","date_gmt":"2010-09-24T18:46:50","guid":{"rendered":"http:\/\/trafikcity.weblog.mur.at\/?page_id=65"},"modified":"2022-05-01T20:28:30","modified_gmt":"2022-05-01T20:28:30","slug":"dokumentation","status":"publish","type":"page","link":"https:\/\/trafikcity.net\/?page_id=65","title":{"rendered":"Dokumentation"},"content":{"rendered":"<p><img loading=\"lazy\" class=\"alignnone size-full wp-image-468\" title=\"tc_foto_eoe_001_480\" src=\"https:\/\/www.trafikcity.net\/wp-content\/uploads\/2010\/09\/tc_foto_eoe_001_480.jpg\" alt=\"\" width=\"480\" height=\"320\" srcset=\"https:\/\/trafikcity.net\/wp-content\/uploads\/2010\/09\/tc_foto_eoe_001_480.jpg 480w, https:\/\/trafikcity.net\/wp-content\/uploads\/2010\/09\/tc_foto_eoe_001_480-300x200.jpg 300w\" sizes=\"(max-width: 480px) 100vw, 480px\" \/><\/p>\n<p>Auf der gegen\u00fcberliegenden Gr\u00fcnfl\u00e4che der &#8222;Trafik 1&#8220; wurde eine\u00a0Wegenetz-Installation\u00a0aufgestellt. Diese Installation besteht aus Schildern mit abstrahierten, scherenschnittartigen Zeichnungen (braun auf wei\u00df) von den Wohnanlagen, in denen die Betreiber und die jeweiligen StammkundInnen gerade leben. Es sind Darstellungen ihrer \u201cWohnkulturen\u201d, die Hinweisschildern f\u00fcr Kulturdenkm\u00e4ler oder Sehensw\u00fcrdigkeiten nachgestellt sind \u2013 und die mit wei\u00dfen Zusatztafeln ihrer t\u00e4glichen Wege kommentiert werden.<\/p>\n<p>Diese Schilder sind auf Metall-Rohre montiert, die \u00fcblicherweise im Verkehrsleitsystem-Bau verwendet werden. Die Rohre sind aber nicht senkrecht im Boden versetzt, sondern werden 40 cm \u00fcber Bodenniveau schwebend zu einer kleinen horizontalen Stra\u00dfenkarte kombiniert, bevor sie im Boden verankert wurden.<\/p>\n<p>An allen weiteren Standorten &#8222;Trafik 2\/ Trafik 3\/ Trafik 4&#8220; wurde je ein Schild, welches das Umfeld der Trafik ebenfalls in einer scherenschnittartigen Zeichnung zeigt angebracht. Auf einer Zusatztafel ist je ein Wegenetz der Akteure in Abh\u00e4ngigkeit zur Trafik abgebildet.<\/p>\n<p><a href=\"http:\/\/www.trafikcity.net\/?page_id=68\">zur \u00dcbersicht<\/a> |\u00a0<a href=\"http:\/\/www.trafikcity.net\/\">Home<\/a><\/p>\n<p><img loading=\"lazy\" class=\"alignnone size-full wp-image-469\" title=\"tc_foto_eoe_002_480\" src=\"https:\/\/www.trafikcity.net\/wp-content\/uploads\/2010\/09\/tc_foto_eoe_002_480.jpg\" alt=\"\" width=\"480\" height=\"320\" srcset=\"https:\/\/trafikcity.net\/wp-content\/uploads\/2010\/09\/tc_foto_eoe_002_480.jpg 480w, https:\/\/trafikcity.net\/wp-content\/uploads\/2010\/09\/tc_foto_eoe_002_480-300x200.jpg 300w\" sizes=\"(max-width: 480px) 100vw, 480px\" \/><\/p>\n<p>Er\u00f6ffnung am Sonntag, den 3. Oktober 2010<\/p>\n<p><img loading=\"lazy\" class=\"alignnone size-full wp-image-470\" title=\"tc_foto_eoe_003_480\" src=\"https:\/\/www.trafikcity.net\/wp-content\/uploads\/2010\/09\/tc_foto_eoe_003_480.jpg\" alt=\"\" width=\"480\" height=\"320\" srcset=\"https:\/\/trafikcity.net\/wp-content\/uploads\/2010\/09\/tc_foto_eoe_003_480.jpg 480w, https:\/\/trafikcity.net\/wp-content\/uploads\/2010\/09\/tc_foto_eoe_003_480-300x200.jpg 300w\" sizes=\"(max-width: 480px) 100vw, 480px\" \/><\/p>\n<p><img loading=\"lazy\" class=\"alignnone size-full wp-image-471\" title=\"tc_foto_eoe_004_480\" src=\"https:\/\/www.trafikcity.net\/wp-content\/uploads\/2010\/09\/tc_foto_eoe_004_480.jpg\" alt=\"\" width=\"480\" height=\"320\" srcset=\"https:\/\/trafikcity.net\/wp-content\/uploads\/2010\/09\/tc_foto_eoe_004_480.jpg 480w, https:\/\/trafikcity.net\/wp-content\/uploads\/2010\/09\/tc_foto_eoe_004_480-300x200.jpg 300w\" sizes=\"(max-width: 480px) 100vw, 480px\" \/><\/p>\n<p><img loading=\"lazy\" class=\"alignnone size-full wp-image-472\" title=\"tc_foto_eoe_006_480\" src=\"https:\/\/www.trafikcity.net\/wp-content\/uploads\/2010\/09\/tc_foto_eoe_006_480.jpg\" alt=\"\" width=\"480\" height=\"320\" srcset=\"https:\/\/trafikcity.net\/wp-content\/uploads\/2010\/09\/tc_foto_eoe_006_480.jpg 480w, https:\/\/trafikcity.net\/wp-content\/uploads\/2010\/09\/tc_foto_eoe_006_480-300x200.jpg 300w\" sizes=\"(max-width: 480px) 100vw, 480px\" \/><\/p>\n<p>&nbsp;<\/p>\n<p>Aufbau und Montage<\/p>\n<p><img loading=\"lazy\" class=\"alignnone size-full wp-image-95\" title=\"tc_fotos_bau_001_480\" src=\"https:\/\/www.trafikcity.net\/wp-content\/uploads\/2010\/09\/tc_fotos_bau_001_480.jpg\" alt=\"\" width=\"480\" height=\"320\" srcset=\"https:\/\/trafikcity.net\/wp-content\/uploads\/2010\/09\/tc_fotos_bau_001_480.jpg 480w, https:\/\/trafikcity.net\/wp-content\/uploads\/2010\/09\/tc_fotos_bau_001_480-300x200.jpg 300w\" sizes=\"(max-width: 480px) 100vw, 480px\" \/><\/p>\n<p><img loading=\"lazy\" class=\"alignnone size-full wp-image-96\" title=\"tc_fotos_bau_002_480\" src=\"https:\/\/www.trafikcity.net\/wp-content\/uploads\/2010\/09\/tc_fotos_bau_002_480.jpg\" alt=\"\" width=\"480\" height=\"320\" srcset=\"https:\/\/trafikcity.net\/wp-content\/uploads\/2010\/09\/tc_fotos_bau_002_480.jpg 480w, https:\/\/trafikcity.net\/wp-content\/uploads\/2010\/09\/tc_fotos_bau_002_480-300x200.jpg 300w\" sizes=\"(max-width: 480px) 100vw, 480px\" \/><\/p>\n<p><img loading=\"lazy\" class=\"alignnone size-full wp-image-97\" title=\"tc_fotos_bau_004_480\" src=\"https:\/\/www.trafikcity.net\/wp-content\/uploads\/2010\/09\/tc_fotos_bau_004_480.jpg\" alt=\"\" width=\"480\" height=\"320\" srcset=\"https:\/\/trafikcity.net\/wp-content\/uploads\/2010\/09\/tc_fotos_bau_004_480.jpg 480w, https:\/\/trafikcity.net\/wp-content\/uploads\/2010\/09\/tc_fotos_bau_004_480-300x200.jpg 300w\" sizes=\"(max-width: 480px) 100vw, 480px\" \/><\/p>\n<p><img loading=\"lazy\" class=\"alignnone size-full wp-image-98\" title=\"tc_fotos_bau_003_480\" src=\"https:\/\/www.trafikcity.net\/wp-content\/uploads\/2010\/09\/tc_fotos_bau_003_480.jpg\" alt=\"\" width=\"480\" height=\"320\" srcset=\"https:\/\/trafikcity.net\/wp-content\/uploads\/2010\/09\/tc_fotos_bau_003_480.jpg 480w, https:\/\/trafikcity.net\/wp-content\/uploads\/2010\/09\/tc_fotos_bau_003_480-300x200.jpg 300w\" sizes=\"(max-width: 480px) 100vw, 480px\" \/><\/p>\n<p><a href=\"http:\/\/www.trafikcity.net\/?page_id=68\">zur \u00dcbersicht<\/a> |\u00a0<a href=\"http:\/\/www.trafikcity.net\/\">Home<\/a><\/p>\n","protected":false},"excerpt":{"rendered":"<p>Auf der gegen\u00fcberliegenden Gr\u00fcnfl\u00e4che der &#8222;Trafik 1&#8220; wurde eine\u00a0Wegenetz-Installation\u00a0aufgestellt. Diese Installation besteht aus Schildern mit abstrahierten, scherenschnittartigen Zeichnungen (braun auf wei\u00df) von den Wohnanlagen, in denen die Betreiber und die jeweiligen StammkundInnen gerade leben. Es sind Darstellungen ihrer \u201cWohnkulturen\u201d, die Hinweisschildern f\u00fcr Kulturdenkm\u00e4ler oder Sehensw\u00fcrdigkeiten nachgestellt sind \u2013 und die mit wei\u00dfen Zusatztafeln ihrer t\u00e4glichen [&hellip;]<\/p>\n","protected":false},"author":2,"featured_media":0,"parent":0,"menu_order":0,"comment_status":"open","ping_status":"open","template":"","meta":[],"_links":{"self":[{"href":"https:\/\/trafikcity.net\/index.php?rest_route=\/wp\/v2\/pages\/65"}],"collection":[{"href":"https:\/\/trafikcity.net\/index.php?rest_route=\/wp\/v2\/pages"}],"about":[{"href":"https:\/\/trafikcity.net\/index.php?rest_route=\/wp\/v2\/types\/page"}],"author":[{"embeddable":true,"href":"https:\/\/trafikcity.net\/index.php?rest_route=\/wp\/v2\/users\/2"}],"replies":[{"embeddable":true,"href":"https:\/\/trafikcity.net\/index.php?rest_route=%2Fwp%2Fv2%2Fcomments&post=65"}],"version-history":[{"count":11,"href":"https:\/\/trafikcity.net\/index.php?rest_route=\/wp\/v2\/pages\/65\/revisions"}],"predecessor-version":[{"id":665,"href":"https:\/\/trafikcity.net\/index.php?rest_route=\/wp\/v2\/pages\/65\/revisions\/665"}],"wp:attachment":[{"href":"https:\/\/trafikcity.net\/index.php?rest_route=%2Fwp%2Fv2%2Fmedia&parent=65"}],"curies":[{"name":"wp","href":"https:\/\/api.w.org\/{rel}","templated":true}]}}