{"id":157,"date":"2010-10-01T14:13:15","date_gmt":"2010-10-01T14:13:15","guid":{"rendered":"http:\/\/trafikcity.weblog.mur.at\/?page_id=157"},"modified":"2022-05-01T20:26:47","modified_gmt":"2022-05-01T20:26:47","slug":"trafik-4","status":"publish","type":"page","link":"https:\/\/trafikcity.net\/?page_id=157","title":{"rendered":"Trafik 4"},"content":{"rendered":"<p><img loading=\"lazy\" class=\"alignnone size-full wp-image-487\" title=\"tc_standort_4_tafel_480\" src=\"https:\/\/www.trafikcity.net\/wp-content\/uploads\/2010\/10\/tc_standort_4_tafel_480.jpg\" alt=\"\" width=\"480\" height=\"358\" srcset=\"https:\/\/trafikcity.net\/wp-content\/uploads\/2010\/10\/tc_standort_4_tafel_480.jpg 480w, https:\/\/trafikcity.net\/wp-content\/uploads\/2010\/10\/tc_standort_4_tafel_480-300x223.jpg 300w\" sizes=\"(max-width: 480px) 100vw, 480px\" \/><\/p>\n<p><strong>TRAFIK 4<\/strong><\/p>\n<p>Ecke Kapellenstra\u00dfe\/ Payer-Weiprecht-Stra\u00dfe<br \/>\nHerr und Frau G.<\/p>\n<blockquote><!--[if lt IE 9]><script>document.createElement('audio');<\/script><![endif]-->\n<audio class=\"wp-audio-shortcode\" id=\"audio-157-1\" preload=\"none\" style=\"width: 100%;\" controls=\"controls\"><source type=\"audio\/mpeg\" src=\"https:\/\/trafikcity.net\/wp-content\/uploads\/2013\/06\/trafik_4.mp3?_=1\" \/><a href=\"https:\/\/trafikcity.net\/wp-content\/uploads\/2013\/06\/trafik_4.mp3\">https:\/\/trafikcity.net\/wp-content\/uploads\/2013\/06\/trafik_4.mp3<\/a><\/audio>\n<p>W\u00e4hrend der Woche verl\u00e4sst Herr G. zeitig in der Fr\u00fch zu Fu\u00df das Siedlungs-H\u00e4uschen in der Adalbert-Stifter-Stra\u00dfe. Die Stra\u00dfe l\u00e4uft in s\u00fcdlicher Richtung auf ein gro\u00dfes Einfahrtstor in ein Gewerbe-Areal zu. Er nimmt den schmalen Weg direkt neben dem Tor, der ihn zwischen zwei Z\u00e4unen, niedrigen Schuppen\u00a0[&#8230;]<\/p><\/blockquote>\n<p><a href=\"http:\/\/www.trafikcity.net\/?page_id=68\">[zur\u00fcck zur \u00dcbersicht]<\/a><\/p>\n","protected":false},"excerpt":{"rendered":"<p>TRAFIK 4 Ecke Kapellenstra\u00dfe\/ Payer-Weiprecht-Stra\u00dfe Herr und Frau G. W\u00e4hrend der Woche verl\u00e4sst Herr G. zeitig in der Fr\u00fch zu Fu\u00df das Siedlungs-H\u00e4uschen in der Adalbert-Stifter-Stra\u00dfe. Die Stra\u00dfe l\u00e4uft in s\u00fcdlicher Richtung auf ein gro\u00dfes Einfahrtstor in ein Gewerbe-Areal zu. Er nimmt den schmalen Weg direkt neben dem Tor, der ihn zwischen zwei Z\u00e4unen, niedrigen [&hellip;]<\/p>\n","protected":false},"author":2,"featured_media":0,"parent":68,"menu_order":0,"comment_status":"open","ping_status":"open","template":"","meta":[],"_links":{"self":[{"href":"https:\/\/trafikcity.net\/index.php?rest_route=\/wp\/v2\/pages\/157"}],"collection":[{"href":"https:\/\/trafikcity.net\/index.php?rest_route=\/wp\/v2\/pages"}],"about":[{"href":"https:\/\/trafikcity.net\/index.php?rest_route=\/wp\/v2\/types\/page"}],"author":[{"embeddable":true,"href":"https:\/\/trafikcity.net\/index.php?rest_route=\/wp\/v2\/users\/2"}],"replies":[{"embeddable":true,"href":"https:\/\/trafikcity.net\/index.php?rest_route=%2Fwp%2Fv2%2Fcomments&post=157"}],"version-history":[{"count":34,"href":"https:\/\/trafikcity.net\/index.php?rest_route=\/wp\/v2\/pages\/157\/revisions"}],"predecessor-version":[{"id":663,"href":"https:\/\/trafikcity.net\/index.php?rest_route=\/wp\/v2\/pages\/157\/revisions\/663"}],"up":[{"embeddable":true,"href":"https:\/\/trafikcity.net\/index.php?rest_route=\/wp\/v2\/pages\/68"}],"wp:attachment":[{"href":"https:\/\/trafikcity.net\/index.php?rest_route=%2Fwp%2Fv2%2Fmedia&parent=157"}],"curies":[{"name":"wp","href":"https:\/\/api.w.org\/{rel}","templated":true}]}}