{"id":155,"date":"2010-10-01T14:12:44","date_gmt":"2010-10-01T14:12:44","guid":{"rendered":"http:\/\/trafikcity.weblog.mur.at\/?page_id=155"},"modified":"2022-05-01T20:26:26","modified_gmt":"2022-05-01T20:26:26","slug":"trafik-3","status":"publish","type":"page","link":"https:\/\/trafikcity.net\/?page_id=155","title":{"rendered":"Trafik 3"},"content":{"rendered":"<p><img loading=\"lazy\" class=\"alignnone size-full wp-image-484\" title=\"tc_standort_3_tafel_480\" src=\"https:\/\/www.trafikcity.net\/wp-content\/uploads\/2010\/10\/tc_standort_3_tafel_480.jpg\" alt=\"\" width=\"480\" height=\"358\" srcset=\"https:\/\/trafikcity.net\/wp-content\/uploads\/2010\/10\/tc_standort_3_tafel_480.jpg 480w, https:\/\/trafikcity.net\/wp-content\/uploads\/2010\/10\/tc_standort_3_tafel_480-300x223.jpg 300w\" sizes=\"(max-width: 480px) 100vw, 480px\" \/><\/p>\n<p><strong>TRAFIK 3<\/strong><\/p>\n<p>Ecke Vinzenz-Muchitsch-Stra\u00dfe\/ Feldgasse<\/p>\n<p>Herr und Frau E.<\/p>\n<blockquote><!--[if lt IE 9]><script>document.createElement('audio');<\/script><![endif]-->\n<audio class=\"wp-audio-shortcode\" id=\"audio-155-1\" preload=\"none\" style=\"width: 100%;\" controls=\"controls\"><source type=\"audio\/mpeg\" src=\"https:\/\/trafikcity.net\/wp-content\/uploads\/2013\/06\/trafik_3.mp3?_=1\" \/><a href=\"https:\/\/trafikcity.net\/wp-content\/uploads\/2013\/06\/trafik_3.mp3\">https:\/\/trafikcity.net\/wp-content\/uploads\/2013\/06\/trafik_3.mp3<\/a><\/audio>\n<p>Jeden Montag bis Samstag morgen, ausgenommen Mittwoch, \u00fcberquert Herr E. aus dem 14,5 km westlich von Graz entfernt gelegenen Hitzendorf kommend, mit seinem Auto die gro\u00dfe Ampelkreuzung an der vierspurigen K\u00e4rntner Stra\u00dfe und passiert kurz darauf die Eisenbahnunterf\u00fchrung. Unmittelbar danach l\u00e4uft die Stra\u00dfe auf eine Anh\u00f6he zu, von der aus er bereits [&#8230;]<\/p><\/blockquote>\n<p><a href=\"http:\/\/www.trafikcity.net\/?page_id=68\">[zur\u00fcck zur \u00dcbersicht]<\/a><\/p>\n","protected":false},"excerpt":{"rendered":"<p>TRAFIK 3 Ecke Vinzenz-Muchitsch-Stra\u00dfe\/ Feldgasse Herr und Frau E. Jeden Montag bis Samstag morgen, ausgenommen Mittwoch, \u00fcberquert Herr E. aus dem 14,5 km westlich von Graz entfernt gelegenen Hitzendorf kommend, mit seinem Auto die gro\u00dfe Ampelkreuzung an der vierspurigen K\u00e4rntner Stra\u00dfe und passiert kurz darauf die Eisenbahnunterf\u00fchrung. Unmittelbar danach l\u00e4uft die Stra\u00dfe auf eine Anh\u00f6he [&hellip;]<\/p>\n","protected":false},"author":2,"featured_media":0,"parent":68,"menu_order":0,"comment_status":"open","ping_status":"open","template":"","meta":[],"_links":{"self":[{"href":"https:\/\/trafikcity.net\/index.php?rest_route=\/wp\/v2\/pages\/155"}],"collection":[{"href":"https:\/\/trafikcity.net\/index.php?rest_route=\/wp\/v2\/pages"}],"about":[{"href":"https:\/\/trafikcity.net\/index.php?rest_route=\/wp\/v2\/types\/page"}],"author":[{"embeddable":true,"href":"https:\/\/trafikcity.net\/index.php?rest_route=\/wp\/v2\/users\/2"}],"replies":[{"embeddable":true,"href":"https:\/\/trafikcity.net\/index.php?rest_route=%2Fwp%2Fv2%2Fcomments&post=155"}],"version-history":[{"count":29,"href":"https:\/\/trafikcity.net\/index.php?rest_route=\/wp\/v2\/pages\/155\/revisions"}],"predecessor-version":[{"id":662,"href":"https:\/\/trafikcity.net\/index.php?rest_route=\/wp\/v2\/pages\/155\/revisions\/662"}],"up":[{"embeddable":true,"href":"https:\/\/trafikcity.net\/index.php?rest_route=\/wp\/v2\/pages\/68"}],"wp:attachment":[{"href":"https:\/\/trafikcity.net\/index.php?rest_route=%2Fwp%2Fv2%2Fmedia&parent=155"}],"curies":[{"name":"wp","href":"https:\/\/api.w.org\/{rel}","templated":true}]}}