{"id":14,"date":"2010-09-22T17:42:06","date_gmt":"2010-09-22T17:42:06","guid":{"rendered":"http:\/\/trafikcity.weblog.mur.at\/?page_id=14"},"modified":"2022-05-01T13:24:18","modified_gmt":"2022-05-01T13:24:18","slug":"bios-kontakt","status":"publish","type":"page","link":"https:\/\/trafikcity.net\/?page_id=14","title":{"rendered":"Bios Kontakt"},"content":{"rendered":"<p><strong>Michael Hieslmair <\/strong>hies[at]him.at<\/p>\n<p>Lebt in Wien. Architekturstudium in Graz (A) und Delft (NL). 2004 F\u00f6rderungspreis des Landes Steiermark f\u00fcr zeitgen\u00f6ssische bildende Kunst, Arbeitstipendium, 2008 Margarete Sch\u00fctte-Lihotzky Stipendium, 2008\/09 Artist in Residence Fellowship K\u00fcnstlerhaus B\u00fcchsenhausen, 2009 Lehrauftrag am Institut f\u00fcr Architekturtheorie, Universit\u00e4t Innsbruck, Leitung von Workshops an der Hochschule f\u00fcr Kunst und Design Burg Giebichenstein (mit Michaela Schwaiger), Halle an der Saale \u00a0und 2010 (mit Judith Laister) Sommerakademie BELLEVUE das gelbe Haus, Linz.<\/p>\n<p>Arbeitet an Projekten und Ausstellungen \u00fcber die Einfl\u00fcsse transnationaler Mobilit\u00e4t, Migration und Tourismus auf Architektur und Landschaftsplanung, sowie zu kulturellen Transformationsprozessen in urbanen, suburbanen und ruralen Agglomerationen:<br \/>\nmit Marusa Sagadin: Im Hinterzimmer, Ortung Galerie 5020, Salzburg (2007), The Rate of Return, Urban Festival Zagreb (2008);<br \/>\nmit Michael Zinganel: Shrinking Cities II Leipzig (2005), Regionale 08: \u201eHeisse Luft. Ein regionales Branding-Theater im Vulkanland\u201c (mit dem Theater im Bahnhof, Graz), Steiermark (2008), Open Cities, 4. Internationale Architektur Biennale Rotterdam, Crossing Munich. Orte Bilder und Debatten der Migration, M\u00fcnchen (2009) und B1\/A40 im Rahmen der Ruhr.2010.<\/p>\n<p><a href=\"http:\/\/hieslmair.him.at\">http:\/\/hieslmair.him.at<\/a><\/p>\n<p><strong>Michael Zinganel <\/strong>zinganel[at]mur.at<\/p>\n<p>Architekturstudium an der TU Graz, Fine Arts an der Jan van Eyck Akademie Maastricht, Dissertation in Geschichte an der Universit\u00e4t Wien. Von 1996 bis 2003 Kurator f\u00fcr Bildende Kunst im Forum Stadtpark Graz, 2003 Research Fellow am IFK Internationales Institut f\u00fcr Kulturwissenschaften Wien. Bis 2010 Univ.-Assistent am Institut f\u00fcr Geb\u00e4udelehre an der Technischen Universit\u00e4t Graz, Lehrauftr\u00e4ge und Gastprofessuren an unterschiedlichen Universit\u00e4ten. Lebt als Kulturwissenschafter, Architekturtheoretiker, bildender K\u00fcnstler und Kurator in Wien\/Graz.<\/p>\n<p>Projekte u. a. \u00fcber leerstehende Gemeinschaftseinrichtungen im Wohnbauprogramm des Roten Wien (1995), die Nachkriegsgeschichte des anonymen Einfamilienhauses in \u00d6sterreich (1998) und diverse Formate zur Produktivkraft des Verbrechens f\u00fcr die Entwicklung von Sicherheitstechnik, Architektur und Stadtplanung, z.B.: Michael Zinganel, Real Crime, Architektur, Stadt und Verbrechen, edition selene, Vienna 2003.<\/p>\n<p>Zuletzt Konferenzen, Ausstellungen und Ausstellungsbeitr\u00e4ge \u00fcber transnationale Mobilit\u00e4t, Massentourismus und Migration:<br \/>\nu.a. mit Peter Spillmann: Backstage Tourismus, Graz (2004), TOP of Experience. Die Kunst in Erlebniswelten,\u00a0Luzern (2007\/08)<br \/>\nund mit Michael Hielsmair: Shrinking Cities II Leipzig (2005), Regionale 08: \u201eHeisse Luft. Ein regionales Branding-Theater im Vulkanland\u201c (mit dem Theater im Bahnhof, Graz), Steiermark (2008), Open Cities, 4. Internationale Architektur Biennale Rotterdam, Crossing Munich. Orte Bilder und Debatten der Migration, M\u00fcnchen (2009) und B1\/A40 im Rahmen der Ruhr.2010.<\/p>\n<p><a href=\"http:\/\/www.zinganel.mur.at\">http:\/\/www.zinganel.mur.at<\/a><\/p>\n<p>Aktuelle gemeinsame Projekte: <a href=\"https:\/\/tracingspaces.net\" target=\"_blank\" rel=\"noopener\">https:\/\/tracingspaces.net<\/a><\/p>\n","protected":false},"excerpt":{"rendered":"<p>Michael Hieslmair hies[at]him.at Lebt in Wien. Architekturstudium in Graz (A) und Delft (NL). 2004 F\u00f6rderungspreis des Landes Steiermark f\u00fcr zeitgen\u00f6ssische bildende Kunst, Arbeitstipendium, 2008 Margarete Sch\u00fctte-Lihotzky Stipendium, 2008\/09 Artist in Residence Fellowship K\u00fcnstlerhaus B\u00fcchsenhausen, 2009 Lehrauftrag am Institut f\u00fcr Architekturtheorie, Universit\u00e4t Innsbruck, Leitung von Workshops an der Hochschule f\u00fcr Kunst und Design Burg Giebichenstein (mit [&hellip;]<\/p>\n","protected":false},"author":2,"featured_media":0,"parent":0,"menu_order":0,"comment_status":"open","ping_status":"open","template":"","meta":[],"_links":{"self":[{"href":"https:\/\/trafikcity.net\/index.php?rest_route=\/wp\/v2\/pages\/14"}],"collection":[{"href":"https:\/\/trafikcity.net\/index.php?rest_route=\/wp\/v2\/pages"}],"about":[{"href":"https:\/\/trafikcity.net\/index.php?rest_route=\/wp\/v2\/types\/page"}],"author":[{"embeddable":true,"href":"https:\/\/trafikcity.net\/index.php?rest_route=\/wp\/v2\/users\/2"}],"replies":[{"embeddable":true,"href":"https:\/\/trafikcity.net\/index.php?rest_route=%2Fwp%2Fv2%2Fcomments&post=14"}],"version-history":[{"count":13,"href":"https:\/\/trafikcity.net\/index.php?rest_route=\/wp\/v2\/pages\/14\/revisions"}],"predecessor-version":[{"id":657,"href":"https:\/\/trafikcity.net\/index.php?rest_route=\/wp\/v2\/pages\/14\/revisions\/657"}],"wp:attachment":[{"href":"https:\/\/trafikcity.net\/index.php?rest_route=%2Fwp%2Fv2%2Fmedia&parent=14"}],"curies":[{"name":"wp","href":"https:\/\/api.w.org\/{rel}","templated":true}]}}