{"id":139,"date":"2010-10-01T12:35:59","date_gmt":"2010-10-01T12:35:59","guid":{"rendered":"http:\/\/trafikcity.weblog.mur.at\/?page_id=139"},"modified":"2022-05-01T20:29:41","modified_gmt":"2022-05-01T20:29:41","slug":"trafik-4-manuel-l","status":"publish","type":"page","link":"https:\/\/trafikcity.net\/?page_id=139","title":{"rendered":"Trafik 1: Manuel L. 28, Verk\u00e4ufer"},"content":{"rendered":"<p>Manuel ist ein eher seltener Gast in der Trafik Ecke Vinzenz-Muchitsch-Stra\u00dfe \/ Hammer-Purgstall-Gasse, da er eigentlich in der Neubaubaugasse in der N\u00e4he des Lendplatzes wohnt. In der dortigen Trafik kauft er auch Tabak und Zigarettenpapier, das er zum Drehen seiner Zigaretten ben\u00f6tigt. Da seine Freundin, mit der er ein dreij\u00e4hriges Kind hat, in der Prokesch-Osten-Gasse wohnt, f\u00e4hrt er mit seinem Moped beinahe jeden Tag \u00fcber den Hauptbahnhof und den Lazarettg\u00fcrtel zur Wohnung seiner Freundin, um sein Kind zu sehen. Auf diesem Weg macht er ab und zu einen kurzen Stopp in der Trafik bei der St. Johannes Pfarre, betritt mit dem Sturzhelm in der Hand die Trafik und l\u00f6st Rubbellose ein, die er gelegentlich kauft.<\/p>\n<p><img loading=\"lazy\" class=\"alignnone size-full wp-image-584\" title=\"tc_neubaugasse_320\" src=\"https:\/\/www.trafikcity.net\/wp-content\/uploads\/2010\/10\/tc_neubaugasse_320.jpg\" alt=\"\" width=\"320\" height=\"239\" srcset=\"https:\/\/trafikcity.net\/wp-content\/uploads\/2010\/10\/tc_neubaugasse_320.jpg 320w, https:\/\/trafikcity.net\/wp-content\/uploads\/2010\/10\/tc_neubaugasse_320-300x224.jpg 300w\" sizes=\"(max-width: 320px) 100vw, 320px\" \/><\/p>\n<p><strong>Neubaugasse \/ <\/strong><strong>2002 bis heute<br \/>\n<\/strong>Manuel arbeitet in einem Baumarkt in Seiersberg, zurzeit aber nur Teilzeit. Er hofft, dass er in naher Zukunft eine Vollzeitbesch\u00e4ftigung bekommt. Dann k\u00f6nnte er sich vielleicht eine gr\u00f6\u00dfere Wohnung leisten, um dort gemeinsam mit seinem Kind und seiner Freundin zu wohnen. In der jetzigen Gar\u00e7onni\u00e8re, in der er seit 2002 lebt, hat er schon alleine kaum Platz, und seine Freundin wohnt seit der Geburt des Kindes wieder bei ihren Eltern. Au\u00dferdem ist der Altbau, in dem sich seine kleine Wohnung befindet, schon stark renovierungsbed\u00fcrftig.<\/p>\n<p><strong>Villach \/ <\/strong><strong>1982 bis 2002<br \/>\n<\/strong>Urspr\u00fcnglich kommt Manuel aus Villach in K\u00e4rnten. Dort wuchs er gemeinsam mit seiner j\u00fcngeren Schwester im Stadtteil Landskron auf, wo die beiden mit ihrer alleinerziehenden Mutter in einem Einfamilienhaus lebten. Nach dem Polytechnikum absolvierte er eine Lehre als Einzelhandelskaufmann, wurde aber nach dem Ende seiner Lehrzeit in keine Anstellung \u00fcbernommen. Warum es ihn nach Graz verschlagen hat, sei eine komplizierte Geschichte, die er nicht so gerne erz\u00e4hlt.<\/p>\n<p><a href=\"http:\/\/www.trafikcity.net\/?page_id=157\"><\/a><a href=\"http:\/\/www.trafikcity.net\/?page_id=151\">zur\u00fcck zur Trafik\u00a01<\/a> |\u00a0<a href=\"http:\/\/www.trafikcity.net\/?page_id=68\">zur\u00fcck zur \u00dcbersicht<\/a> |\u00a0<a href=\"http:\/\/www.trafikcity.net\/\">Home<\/a><\/p>\n","protected":false},"excerpt":{"rendered":"<p>Manuel ist ein eher seltener Gast in der Trafik Ecke Vinzenz-Muchitsch-Stra\u00dfe \/ Hammer-Purgstall-Gasse, da er eigentlich in der Neubaubaugasse in der N\u00e4he des Lendplatzes wohnt. In der dortigen Trafik kauft er auch Tabak und Zigarettenpapier, das er zum Drehen seiner Zigaretten ben\u00f6tigt. Da seine Freundin, mit der er ein dreij\u00e4hriges Kind hat, in der Prokesch-Osten-Gasse [&hellip;]<\/p>\n","protected":false},"author":2,"featured_media":0,"parent":68,"menu_order":0,"comment_status":"open","ping_status":"open","template":"","meta":[],"_links":{"self":[{"href":"https:\/\/trafikcity.net\/index.php?rest_route=\/wp\/v2\/pages\/139"}],"collection":[{"href":"https:\/\/trafikcity.net\/index.php?rest_route=\/wp\/v2\/pages"}],"about":[{"href":"https:\/\/trafikcity.net\/index.php?rest_route=\/wp\/v2\/types\/page"}],"author":[{"embeddable":true,"href":"https:\/\/trafikcity.net\/index.php?rest_route=\/wp\/v2\/users\/2"}],"replies":[{"embeddable":true,"href":"https:\/\/trafikcity.net\/index.php?rest_route=%2Fwp%2Fv2%2Fcomments&post=139"}],"version-history":[{"count":21,"href":"https:\/\/trafikcity.net\/index.php?rest_route=\/wp\/v2\/pages\/139\/revisions"}],"predecessor-version":[{"id":671,"href":"https:\/\/trafikcity.net\/index.php?rest_route=\/wp\/v2\/pages\/139\/revisions\/671"}],"up":[{"embeddable":true,"href":"https:\/\/trafikcity.net\/index.php?rest_route=\/wp\/v2\/pages\/68"}],"wp:attachment":[{"href":"https:\/\/trafikcity.net\/index.php?rest_route=%2Fwp%2Fv2%2Fmedia&parent=139"}],"curies":[{"name":"wp","href":"https:\/\/api.w.org\/{rel}","templated":true}]}}