{"id":137,"date":"2010-10-01T12:35:40","date_gmt":"2010-10-01T12:35:40","guid":{"rendered":"http:\/\/trafikcity.weblog.mur.at\/?page_id=137"},"modified":"2022-05-01T20:29:25","modified_gmt":"2022-05-01T20:29:25","slug":"trafik-4-elisabeth-b","status":"publish","type":"page","link":"https:\/\/trafikcity.net\/?page_id=137","title":{"rendered":"Trafik 1: Elisabeth B. 50, Angestellte"},"content":{"rendered":"<p>Elisabeth besucht die Trafik Ecke Vinzenz-Muchitsch-Stra\u00dfe \/ Hammer-Purgstall-Gasse nur unregelm\u00e4\u00dfig. Sie ist Nichtraucherin, besorgt sich aber gelegentlich neue Magazine, die R\u00e4tsel-Krone und die Bunte. Ihr Weg f\u00fchrt sie mit dem Rad von ihrer Wohnung \u00fcber den Augarten und den Jakominiplatz zur Zinzendorfgasse, wo sie bei einem Facharzt als Ordinationsgehilfin arbeitet. Sie k\u00f6nnte f\u00fcr diesen Weg auch die Buslinie 39 benutzen, die direkt zur Zinzendorfgasse f\u00fchrt, aber wenn es das Wetter zul\u00e4sst, f\u00e4hrt sie mit dem Rad, da sie die Fahrt vorbei am Augartenpark und sp\u00e4ter durch den Stadtpark genie\u00dft. Auf dem Heimweg macht sie dann einen kurzen Halt in der Trafik, die wenige Meter von ihrer Wohnung entfernt liegt. Obwohl sie nur unregelm\u00e4\u00dfig in die Trafik kommt, wei\u00df der Trafikant bereits, welche Zeitschriften sie gerne kauft und h\u00e4lt sie f\u00fcr Elisabeth bereit.<\/p>\n<p><img loading=\"lazy\" class=\"alignnone size-full wp-image-582\" title=\"tc_hammer-purgstall-gasse_320\" src=\"https:\/\/www.trafikcity.net\/wp-content\/uploads\/2010\/10\/tc_hammer-purgstall-gasse_320.jpg\" alt=\"\" width=\"320\" height=\"239\" srcset=\"https:\/\/trafikcity.net\/wp-content\/uploads\/2010\/10\/tc_hammer-purgstall-gasse_320.jpg 320w, https:\/\/trafikcity.net\/wp-content\/uploads\/2010\/10\/tc_hammer-purgstall-gasse_320-300x224.jpg 300w\" sizes=\"(max-width: 320px) 100vw, 320px\" \/><\/p>\n<p><strong>Hammer-Purgstall-Gasse \/ <\/strong><strong>1998 bis heute <\/strong><br \/>\nSeit 1998 wohnt Elisabeth mit ihrem Mann und dem j\u00fcngsten Sohn \u2013 die beiden \u00e4lteren T\u00f6chter sind bereits ausgezogen \u2013 in einer Vierzimmerwohnung im Parterre eines f\u00fcnfst\u00f6ckigen Wohnhauses in der Hammer-Purgstall-Gasse. Die Wohnung ist dem gro\u00dfz\u00fcgigen Innenhof zugewandt, in dem hohe Laubb\u00e4ume stehen. Eigentlich hat die Hausverwaltung den Aufenthalt im park\u00e4hnlichen Innenhof untersagt, doch Elisabeth und einige andere Hausbewohner halten sich nicht an dieses Verbot, und so bev\u00f6lkern an sch\u00f6nen Tagen einige kleine Gr\u00fcppchen den Innenhof. Mit ihrer Wohnung ist Elisabeth sehr zufrieden, schlie\u00dflich wurde diese bei ihrem Einzug komplett renoviert und mittlerweile auch das gesamte Geb\u00e4ude thermisch saniert. Nun wartet sie gespannt, welche Farbe die Au\u00dfenfassade ihres Hauses bekommen wird und hofft, dass es kein grelles Orange sein wird.<\/p>\n<p><strong>Hammer-Purgstall-Gasse \/ <\/strong><strong>1991 bis 1997<\/strong><br \/>\nVor ihrer jetzigen Wohnstation wohnte sie nur ein paar Meter entfernt in einem Haus derselben Wohnanlage. Die Wohnung lag jedoch im dritten Stock und es war kein Lift vorhanden, was ihr aufgrund von gesundheitlichen Beschwerden zunehmend Probleme bereitete. Da ihr die Wohnanlage jedoch prinzipiell sehr gut gefiel, h\u00f6rten sich ihr Mann und sie in der Gegend um, ob es nicht eine g\u00fcnstiger gelegene Wohnung g\u00e4be. Tats\u00e4chlich erfuhren sie im Herbst 1997 von einer freien Wohnung, in der zuvor eine alte Dame lebte, die gerade verstorben war.<\/p>\n<p><strong>Flo\u00dflend \/ <\/strong><strong>1981 bis 1990 <\/strong><br \/>\nZuvor wohnte Elisabeth am Flo\u00dflend, im Grazer Bezirk Lend. Nach der Hochzeit bezog sie dort mit ihrem Mann eine Dreizimmerwohnung im Erdgescho\u00df. Es gefiel ihr in der Gegend aber nicht, vor allem weil sie ihren 1981, 1984 und 1987 geborenen Kindern ein Aufwachsen in einer Umgebung mit vielen Gr\u00fcnr\u00e4umen bieten wollte, im Umfeld der Wohnung am Flo\u00dflend aber alles \u201ezubetoniert war\u201c, wie Elisabeth erz\u00e4hlt. Kurz nachdem die junge Familie schlie\u00dflich aus der Wohnung ausgezogen war, wurde das Haus abgerissen. An dessen Stelle befindet sich heute ein Autoh\u00e4ndler.<\/p>\n<p><strong>Bozener Stra\u00dfe \/ <\/strong><strong>1960 bis 1980 <\/strong><br \/>\nElisabeth ist in der Bozener Stra\u00dfe in einer Dreizimmer-Wohnung mit den Eltern und f\u00fcnf Geschwistern, anfangs noch ohne Badezimmer, aufgewachsen. Die Wohnanlage wurde in den fr\u00fchen 1940er Jahren errichtet. Die Familie ihres Vaters stammte urspr\u00fcnglich aus S\u00fcdtirol und bezog die Wohnung in der Bozener Stra\u00dfe zu einem Zeitpunkt, als die H\u00e4user gerade erst in Fertigstellung waren. Elisabeth hat sich in der Wohnung trotz der Enge sehr wohl gef\u00fchlt. Es gab rundherum viel Gr\u00fcn, was sie als sehr positiv empfand. Als zwei ihrer \u00e4lteren Geschwister schon ausgezogen waren, baute der Vater ein Badezimmer ein und verkleinerte daf\u00fcr ein anderes Zimmer. Elisabeth lebte hier von ihrer Geburt an bis zu ihrer Hochzeit im Jahr 1980.<\/p>\n<p><a href=\"http:\/\/www.trafikcity.net\/?page_id=157\"><\/a><a href=\"http:\/\/www.trafikcity.net\/?page_id=151\">zur\u00fcck zur Trafik\u00a01<\/a> |\u00a0<a href=\"http:\/\/www.trafikcity.net\/?page_id=68\">zur\u00fcck zur \u00dcbersicht<\/a> |\u00a0<a href=\"http:\/\/www.trafikcity.net\/\">Home<\/a><\/p>\n","protected":false},"excerpt":{"rendered":"<p>Elisabeth besucht die Trafik Ecke Vinzenz-Muchitsch-Stra\u00dfe \/ Hammer-Purgstall-Gasse nur unregelm\u00e4\u00dfig. Sie ist Nichtraucherin, besorgt sich aber gelegentlich neue Magazine, die R\u00e4tsel-Krone und die Bunte. Ihr Weg f\u00fchrt sie mit dem Rad von ihrer Wohnung \u00fcber den Augarten und den Jakominiplatz zur Zinzendorfgasse, wo sie bei einem Facharzt als Ordinationsgehilfin arbeitet. Sie k\u00f6nnte f\u00fcr diesen Weg [&hellip;]<\/p>\n","protected":false},"author":2,"featured_media":0,"parent":68,"menu_order":0,"comment_status":"open","ping_status":"open","template":"","meta":[],"_links":{"self":[{"href":"https:\/\/trafikcity.net\/index.php?rest_route=\/wp\/v2\/pages\/137"}],"collection":[{"href":"https:\/\/trafikcity.net\/index.php?rest_route=\/wp\/v2\/pages"}],"about":[{"href":"https:\/\/trafikcity.net\/index.php?rest_route=\/wp\/v2\/types\/page"}],"author":[{"embeddable":true,"href":"https:\/\/trafikcity.net\/index.php?rest_route=\/wp\/v2\/users\/2"}],"replies":[{"embeddable":true,"href":"https:\/\/trafikcity.net\/index.php?rest_route=%2Fwp%2Fv2%2Fcomments&post=137"}],"version-history":[{"count":20,"href":"https:\/\/trafikcity.net\/index.php?rest_route=\/wp\/v2\/pages\/137\/revisions"}],"predecessor-version":[{"id":669,"href":"https:\/\/trafikcity.net\/index.php?rest_route=\/wp\/v2\/pages\/137\/revisions\/669"}],"up":[{"embeddable":true,"href":"https:\/\/trafikcity.net\/index.php?rest_route=\/wp\/v2\/pages\/68"}],"wp:attachment":[{"href":"https:\/\/trafikcity.net\/index.php?rest_route=%2Fwp%2Fv2%2Fmedia&parent=137"}],"curies":[{"name":"wp","href":"https:\/\/api.w.org\/{rel}","templated":true}]}}