{"id":135,"date":"2010-10-01T12:35:19","date_gmt":"2010-10-01T12:35:19","guid":{"rendered":"http:\/\/trafikcity.weblog.mur.at\/?page_id=135"},"modified":"2022-05-01T20:29:09","modified_gmt":"2022-05-01T20:29:09","slug":"trafik-4-elbina-h","status":"publish","type":"page","link":"https:\/\/trafikcity.net\/?page_id=135","title":{"rendered":"Trafik 1: Elbina H. 44, Hausfrau"},"content":{"rendered":"<p><!-- p { margin-bottom: 0.21cm; } -->Elbina kommt fast jeden Tag in die Trafik Ecke Vinzenz-Muchitsch-Stra\u00dfe \/ Hammer-Purgstall-Gasse um Zigaretten der Marke \u201eMeine Sorte\u201c zu kaufen. Auch wenn sie dringend Dokumente kopieren muss, nutzt sie das Angebot der Trafik, obwohl ihr die Preise f\u00fcr Kopien eigentlich zu hoch erscheinen. Den Trafikbesuch verbindet Elbina oft mit ihrem Weg zum islamischen Glaubensverein in der N\u00e4he des Lendplatzes. Die Buslinie 67 f\u00fchrt direkt von der Haltestelle St. Johannes Pfarre \u00fcber den Griesplatz zum Lendplatz, von wo aus es nur wenige Schritte zum Glaubensverein sind.<\/p>\n<p><img loading=\"lazy\" class=\"alignnone size-full wp-image-588\" title=\"tc_denggenhof_320\" src=\"https:\/\/www.trafikcity.net\/wp-content\/uploads\/2010\/10\/tc_denggenhof_320.jpg\" alt=\"\" width=\"320\" height=\"239\" srcset=\"https:\/\/trafikcity.net\/wp-content\/uploads\/2010\/10\/tc_denggenhof_320.jpg 320w, https:\/\/trafikcity.net\/wp-content\/uploads\/2010\/10\/tc_denggenhof_320-300x224.jpg 300w\" sizes=\"(max-width: 320px) 100vw, 320px\" \/><\/p>\n<p><strong>Denggenhofsiedlung \/ 2000 bis heute <\/strong><br \/>\nElbina lebt seit dem Jahr 2000 mit ihrem Mann und den beiden Kindern in der Denggenhofsiedlung, ganz in der N\u00e4he des Sankt-Johannes-Parks, den sie auch gerne aufsucht, um sich mit Freundinnen zu treffen. Die Denggenhofsiedlung wurde in der ersten H\u00e4lfte der 1940er Jahre errichtet und Ende der 1990er Jahre renoviert. Elbina und ihre Familie bewohnen dort eine 72 m\u00b2 Wohnung mit einem kleinen Balkon im Dachgeschoss. Zu Beginn teilten sich die beiden Kinder ein Zimmer, mittlerweile wurde jedoch das Wohnzimmer in ein Zimmer f\u00fcr die Tochter umfunktioniert. Elbina hat geh\u00f6rt, dass die Triestersiedlung einen sehr schlechten Ruf habe. Ab und zu macht sie sich deswegen Sorgen, prinzipiell f\u00fchlt sie sich in der Gegend aber sehr wohl. Besonders gef\u00e4llt ihr, dass es viele Parks und Gr\u00fcnfl\u00e4chen in der N\u00e4he gibt, ganz anders als bei ihrer vorherigen Wohnstation.<\/p>\n<p><strong>Lazarettgasse \/ 1995 bis 2000 <\/strong><br \/>\nElbina und ihr Mann zogen 1995 nach Graz, wo Elbina eine Anstellung als Putzfrau bei einer gro\u00dfen Reinigungsfirma fand, w\u00e4hrend ihr Mann bei einer Zimmerei zu arbeiten begann. In dieser Zeit bekam Elbina die \u00f6sterreichische Staatsb\u00fcrgerschaft verliehen, worauf sie sehr stolz ist. Die beiden fanden im Grazer Bezirk Gries eine 50 m\u00b2 gro\u00dfe Innenhofwohnung in der Lazarettgasse. Nach der Geburt ihres Sohnes im Jahr 1997 und der Tochter zwei Jahre sp\u00e4ter wurde die Wohnung f\u00fcr die Familie zu klein. Elbina und ihr Mann beschlossen, eine gr\u00f6\u00dfere Wohnung zu suchen,  gleichzeitig gab Elbina ihre Anstellung als Putzfrau auf, um f\u00fcr die Kinder sorgen zu k\u00f6nnen.<\/p>\n<p><strong>M\u00fcrzzuschlag \/ 1993 bis 1995 <\/strong><br \/>\nNach ihrer Ankunft in \u00d6sterreich im Jahr 1993 lebte das Paar in einer Fl\u00fcchtlingseinrichtung in einem ehemaligen Gasthof in M\u00fcrzzuschlag. Dort warteten die beiden auf den positiven Ausgang ihres Asylverfahrens.<\/p>\n<p><strong>Sarajevo \/ 1966 bis 1992 <\/strong><br \/>\nElbina wuchs in Sarajevo auf, im Stadtteil Novi Grad. Sie studierte dort Kunstgeschichte. Aufgrund des jugoslawischen B\u00fcrgerkrieges musste sie ihr Studium jedoch abbrechen. 1993 gelang Elbina und ihrem Mann durch den \u201eSarajevo Tunnel\u201c die Flucht aus der belagerten Stadt.<\/p>\n<p><!-- p { margin-bottom: 0.21cm; }a:link {  } --><a href=\"http:\/\/www.trafikcity.net\/?page_id=151\">zur\u00fcck zur Trafik\u00a01<\/a> |\u00a0<a href=\"http:\/\/www.trafikcity.net\/?page_id=68\">zur\u00fcck zur \u00dcbersicht<\/a> |\u00a0<a href=\"http:\/\/www.trafikcity.net\/\">Home<\/a><\/p>\n","protected":false},"excerpt":{"rendered":"<p>Elbina kommt fast jeden Tag in die Trafik Ecke Vinzenz-Muchitsch-Stra\u00dfe \/ Hammer-Purgstall-Gasse um Zigaretten der Marke \u201eMeine Sorte\u201c zu kaufen. Auch wenn sie dringend Dokumente kopieren muss, nutzt sie das Angebot der Trafik, obwohl ihr die Preise f\u00fcr Kopien eigentlich zu hoch erscheinen. Den Trafikbesuch verbindet Elbina oft mit ihrem Weg zum islamischen Glaubensverein in [&hellip;]<\/p>\n","protected":false},"author":2,"featured_media":0,"parent":68,"menu_order":0,"comment_status":"open","ping_status":"open","template":"","meta":[],"_links":{"self":[{"href":"https:\/\/trafikcity.net\/index.php?rest_route=\/wp\/v2\/pages\/135"}],"collection":[{"href":"https:\/\/trafikcity.net\/index.php?rest_route=\/wp\/v2\/pages"}],"about":[{"href":"https:\/\/trafikcity.net\/index.php?rest_route=\/wp\/v2\/types\/page"}],"author":[{"embeddable":true,"href":"https:\/\/trafikcity.net\/index.php?rest_route=\/wp\/v2\/users\/2"}],"replies":[{"embeddable":true,"href":"https:\/\/trafikcity.net\/index.php?rest_route=%2Fwp%2Fv2%2Fcomments&post=135"}],"version-history":[{"count":25,"href":"https:\/\/trafikcity.net\/index.php?rest_route=\/wp\/v2\/pages\/135\/revisions"}],"predecessor-version":[{"id":667,"href":"https:\/\/trafikcity.net\/index.php?rest_route=\/wp\/v2\/pages\/135\/revisions\/667"}],"up":[{"embeddable":true,"href":"https:\/\/trafikcity.net\/index.php?rest_route=\/wp\/v2\/pages\/68"}],"wp:attachment":[{"href":"https:\/\/trafikcity.net\/index.php?rest_route=%2Fwp%2Fv2%2Fmedia&parent=135"}],"curies":[{"name":"wp","href":"https:\/\/api.w.org\/{rel}","templated":true}]}}