{"id":126,"date":"2010-10-01T12:33:17","date_gmt":"2010-10-01T12:33:17","guid":{"rendered":"http:\/\/trafikcity.weblog.mur.at\/?page_id=126"},"modified":"2010-10-25T15:55:11","modified_gmt":"2010-10-25T15:55:11","slug":"trafik-2-roswitha-h","status":"publish","type":"page","link":"https:\/\/trafikcity.net\/?page_id=126","title":{"rendered":"Trafik 4: Roswitha H. 60, K\u00fcnstlerin"},"content":{"rendered":"<p>Jeden Samstag Vormittag spaziert Roswitha die Payer-Weyprecht-Stra\u00dfe entlang, um in der Trafik an der Ecke einen Lottoschein f\u00fcr die Ziehung am Sonntag Abend zu kaufen. Gelegentlich kauft sie in der Trafik auch einen Zehnerblock f\u00fcr die \u00f6ffentlichen Verkehrsmittel. Der Trafikant kennt Roswitha schon lange und hebt f\u00fcr sie Zeitschriften auf, wenn darin \u00fcber ihre Kunstprojekte berichtet wird.<\/p>\n<p><strong>Payer-Weyprecht-Stra\u00dfe \/ 1980 bis heute<\/strong><br \/>\nSeit drei\u00dfig Jahren lebt Roswitha mit ihrem Lebensgef\u00e4hrten in einem Einfamilienhaus, das wie die meisten anderen H\u00e4user in der Payer-Weyprecht-Stra\u00dfe in den 1920er Jahren nach gleichem Muster errichtet wurde. Vom gleichf\u00f6rmigen Stra\u00dfenbild ist heute nur mehr wenig zu erkennen. Die meisten H\u00e4user, so auch das von Roswitha, wurden durch Um- und Zubauten erweitert und die G\u00e4rten durch individuelle Bepflanzung gestaltet. Roswitha hat in den letzten Jahrzehnten viel Geld in die Renovierung ihres Hauses gesteckt. Sie lie\u00df die Heizung und die Fenster erneuern und richtete sich im Dachgescho\u00df ein Atelier ein, das sie seit ihrer Pensionierung im letzten Jahr vermehrt n\u00fctzt.<\/p>\n<p><strong>K\u00f6rblergasse \/ 1972 bis 1980<\/strong><br \/>\nW\u00e4hrend ihrer Studienzeit an der Karl-Franzens-Universit\u00e4t lebte Roswitha zur Miete in einem Mehrparteienhaus aus den 1940er Jahren in der K\u00f6rblergasse im b\u00fcrgerlichen Bezirk Geidorf. Die Einzimmerwohnung lag im Parterre mit Blick in den sch\u00f6nen Innenhof. Zur Universit\u00e4t brauchte Roswitha mit dem Fahrrad nur wenige Minuten. Nach Abschluss ihres Lehramtstudiums unterrichtete sie die F\u00e4cher Bildnerische Erziehung und Deutsch an verschiedenen Grazer Schulen. In dieser Zeit begann sie sich auch im Grazer Forum Stadtpark zu engagieren. Als ihre Gro\u00dfmutter im Jahr 1980 verstarb, zog sie in deren Haus in die Payer-Weyprecht-Stra\u00dfe.<\/p>\n<p><strong>Bourges, Frankreich \/ 1970 bis 1972<\/strong><br \/>\nNach ihrer Matura im Jahr 1970 ging Roswitha mit ihrem damaligen Freund f\u00fcr eineinhalb Jahre nach Frankreich und lebte in einer Kleinstadt zwei Autostunden von Paris entfernt. Gemeinsam mit einem anderen P\u00e4rchen wohnten sie und ihr Lebensgef\u00e4hrte in einer Wohngemeinschaft in einem Gr\u00fcnderzeithaus im Zentrum der Stadt. Roswitha besuchte Vorlesungen an der Universit\u00e4t und lernte Franz\u00f6sisch. Nachdem die Beziehung mit ihrem Freund in die Br\u00fcche ging, kehrte sie nach Graz zur\u00fcck.<\/p>\n<p><strong>Vinzenz-Muchitsch-Stra\u00dfe \/ 1960 bis 1969<\/strong><br \/>\nW\u00e4hrend ihrer Schulzeit im Gymnasium lebte Roswitha mit ihren Eltern in einer Dreizimmerwohnung in einem wenige Jahre zuvor fertiggestellten Wohnhaus in der Vinzenz-Muchitsch-Stra\u00dfe. Die Mietwohnung lag im ersten Stock mit Balkon und war f\u00fcr damalige Verh\u00e4ltnisse sehr modern eingerichtet. Roswitha vermisste aber den Garten und das Haus der Gro\u00dfeltern, in dem sie bisher mit ihren Eltern gewohnt hatte.<\/p>\n<p><strong>Payer-Weyprecht-Stra\u00dfe \/ 1950 bis 1960<\/strong><br \/>\nAufgewachsen ist Roswitha im Haus ihrer Gro\u00dfeltern. Gemeinsam mit ihren Eltern lebte sie zehn Jahre lang im ersten Stock des Einfamilienhauses, in einem gro\u00dfen Raum mit Dachschr\u00e4ge. Weil es im Haus mit der Zeit zu eng wurde, suchten ihre Eltern eine gr\u00f6\u00dfere Wohnung in der unmittelbaren Wohnumgebung.<\/p>\n<p><a href=\"http:\/\/www.trafikcity.net\/?page_id=153\"><\/a><a href=\"http:\/\/www.trafikcity.net\/?page_id=157\">zur\u00fcck zur Trafik\u00a04<\/a> |\u00a0<a href=\"http:\/\/www.trafikcity.net\/?page_id=68\">zur\u00fcck zur \u00dcbersicht<\/a> |\u00a0<a href=\"http:\/\/www.trafikcity.net\/\">Home<\/a><\/p>\n","protected":false},"excerpt":{"rendered":"<p>Jeden Samstag Vormittag spaziert Roswitha die Payer-Weyprecht-Stra\u00dfe entlang, um in der Trafik an der Ecke einen Lottoschein f\u00fcr die Ziehung am Sonntag Abend zu kaufen. Gelegentlich kauft sie in der Trafik auch einen Zehnerblock f\u00fcr die \u00f6ffentlichen Verkehrsmittel. Der Trafikant kennt Roswitha schon lange und hebt f\u00fcr sie Zeitschriften auf, wenn darin \u00fcber ihre Kunstprojekte [&hellip;]<\/p>\n","protected":false},"author":2,"featured_media":0,"parent":68,"menu_order":0,"comment_status":"open","ping_status":"open","template":"","meta":[],"_links":{"self":[{"href":"https:\/\/trafikcity.net\/index.php?rest_route=\/wp\/v2\/pages\/126"}],"collection":[{"href":"https:\/\/trafikcity.net\/index.php?rest_route=\/wp\/v2\/pages"}],"about":[{"href":"https:\/\/trafikcity.net\/index.php?rest_route=\/wp\/v2\/types\/page"}],"author":[{"embeddable":true,"href":"https:\/\/trafikcity.net\/index.php?rest_route=\/wp\/v2\/users\/2"}],"replies":[{"embeddable":true,"href":"https:\/\/trafikcity.net\/index.php?rest_route=%2Fwp%2Fv2%2Fcomments&post=126"}],"version-history":[{"count":9,"href":"https:\/\/trafikcity.net\/index.php?rest_route=\/wp\/v2\/pages\/126\/revisions"}],"predecessor-version":[{"id":348,"href":"https:\/\/trafikcity.net\/index.php?rest_route=\/wp\/v2\/pages\/126\/revisions\/348"}],"up":[{"embeddable":true,"href":"https:\/\/trafikcity.net\/index.php?rest_route=\/wp\/v2\/pages\/68"}],"wp:attachment":[{"href":"https:\/\/trafikcity.net\/index.php?rest_route=%2Fwp%2Fv2%2Fmedia&parent=126"}],"curies":[{"name":"wp","href":"https:\/\/api.w.org\/{rel}","templated":true}]}}