{"id":120,"date":"2010-10-01T12:31:55","date_gmt":"2010-10-01T12:31:55","guid":{"rendered":"http:\/\/trafikcity.weblog.mur.at\/?page_id=120"},"modified":"2010-10-25T14:54:56","modified_gmt":"2010-10-25T14:54:56","slug":"trafik-1-hermann-p","status":"publish","type":"page","link":"https:\/\/trafikcity.net\/?page_id=120","title":{"rendered":"Trafik 3: Hermann P. 63, Pensionist"},"content":{"rendered":"<p>Hermann ist fast jeden Tag zu Mittag im Gasthaus Buchmesser in der Vinzenz-Muchitsch-Stra\u00dfe anzutreffen, wo er eines der beiden t\u00e4glich angebotenen Mittagsmen\u00fcs isst. Heute gibt es Fritattensuppe und Schweinsbraten mit Kn\u00f6del und Sauerkraut, eine seiner Lieblingsspeisen. Nach dem Mittagessen und der anschlie\u00dfenden Lekt\u00fcre der Kleinen Zeitung f\u00e4hrt er mit seinem Opel Corsa in das Einkaufszentrum Citypark, ein paar hundert Meter n\u00f6rdlich der Triestersiedlung, um sich eine neue Fernbedienung f\u00fcr seinen Fernseher zu besorgen. Am R\u00fcckweg biegt er wieder rechts in die Vinzenz-Muchitsch-Stra\u00dfe ein und bleibt am Vorplatz der Trafik stehen, um Zigaretten der Sorte &#8222;Smart&#8220; zu kaufen. Danach f\u00e4hrt er zu seiner Wohnung in die Kapellenstra\u00dfe.<\/p>\n<p><strong>Denggenhofsiedlung \/ <\/strong><strong>2000 bis heute <\/strong><br \/>\nHermann wohnt in einer 66m\u00b2 gro\u00dfen Wohnung in der Denggenhofsiedlung. In der Wohnung in dem zweist\u00f6ckigen, blockartigen Siedlungshaus hatte er bereits in seiner Jugend gelebt, damals gemeinsam mit seinen Eltern. Nach dem Tod seiner Frau im Jahr 1998 zog er wieder in die Wohnung ein, um seine Mutter zu pflegen. Als seine Mutter Anfang 2002 verstarb, begann er die Wohnung zu sanieren, baute ein neues Bad ein, ersetzte die alten Fenster und installierte eine Gasheizung. Vor kurzem hat er sich einen Computer gekauft und beginnt mithilfe seines Sohnes, der ihn \u00f6fters besuchen kommt, das Internet zu erkunden.<\/p>\n<p><strong>Graz-Andritz \/ <\/strong><strong>1978 bis 1999 <\/strong><br \/>\nIn der Zeit von 1978 bis 1999 wohnte Hermann mit seiner Frau und dem gemeinsamen Sohn in einer Eigentumswohnung im Grazer Bezirk Andritz. Hermann meint, dass Andritz zwar ein teurer Bezirk sei, dass daf\u00fcr aber auch die Wohnqualit\u00e4t besser sei. So richtig daheim hat er sich in Andritz aber nie gef\u00fchlt. In der Denggenhofsiedlung sei das anders, meint er. Hier f\u00fchlt er sich wohl, auch weil hier seine Freunde leben. Er geh\u00f6re einfach hier her. In der Eigentumswohnung in Andritz lebt heute sein Sohn Klaus.<\/p>\n<p><strong>Graz-G\u00f6sting \/ <\/strong><strong>1970 bis 1978 <\/strong><br \/>\nNachdem Hermann seine Frau kennengelernt hatte, zog er aus der elterlichen Wohnung aus und das Paar bezog eine 55 m\u00b2-Wohnung in der Wiener Stra\u00dfe, im Norden der Stadt Graz. Die Wohnung befand sich in einem damals erst zehn Jahre alten Haus, lag im dritten Stock und das Geb\u00e4ude verf\u00fcgte sogar \u00fcber einen Lift. Hermann arbeitete in dieser Zeit schon als Schlosser bei der Andritz AG, und weil er \u00f6fters ausw\u00e4rts auf Montage war, verdiente er auch relativ gut. Mit der Zeit wurde ihm der Verkehrsl\u00e4rm der stark befahrenen Wiener Stra\u00dfe aber zu viel. Nach der Geburt des Sohnes beschlossen Hermann und seine Frau, sich eine Eigentumswohnung zu kaufen.<\/p>\n<p><strong>Denggenhofsiedlung \/ <\/strong><strong>1947 bis 1970 <\/strong><br \/>\nVon seiner Geburt an bis zu seinem 23. Lebensjahr wohnte Hermann mit seinen Eltern und einem Bruder in der Wohnung, in der er heute auch wieder lebt.<\/p>\n<p><a href=\"http:\/\/www.trafikcity.net\/?page_id=155\">zur\u00fcck zur Trafik\u00a03<\/a> |\u00a0<a href=\"http:\/\/www.trafikcity.net\/?page_id=68\">zur\u00fcck zur \u00dcbersicht<\/a> |\u00a0<a href=\"http:\/\/www.trafikcity.net\/\">Home<\/a><\/p>\n","protected":false},"excerpt":{"rendered":"<p>Hermann ist fast jeden Tag zu Mittag im Gasthaus Buchmesser in der Vinzenz-Muchitsch-Stra\u00dfe anzutreffen, wo er eines der beiden t\u00e4glich angebotenen Mittagsmen\u00fcs isst. Heute gibt es Fritattensuppe und Schweinsbraten mit Kn\u00f6del und Sauerkraut, eine seiner Lieblingsspeisen. Nach dem Mittagessen und der anschlie\u00dfenden Lekt\u00fcre der Kleinen Zeitung f\u00e4hrt er mit seinem Opel Corsa in das Einkaufszentrum [&hellip;]<\/p>\n","protected":false},"author":2,"featured_media":0,"parent":68,"menu_order":0,"comment_status":"open","ping_status":"open","template":"","meta":[],"_links":{"self":[{"href":"https:\/\/trafikcity.net\/index.php?rest_route=\/wp\/v2\/pages\/120"}],"collection":[{"href":"https:\/\/trafikcity.net\/index.php?rest_route=\/wp\/v2\/pages"}],"about":[{"href":"https:\/\/trafikcity.net\/index.php?rest_route=\/wp\/v2\/types\/page"}],"author":[{"embeddable":true,"href":"https:\/\/trafikcity.net\/index.php?rest_route=\/wp\/v2\/users\/2"}],"replies":[{"embeddable":true,"href":"https:\/\/trafikcity.net\/index.php?rest_route=%2Fwp%2Fv2%2Fcomments&post=120"}],"version-history":[{"count":10,"href":"https:\/\/trafikcity.net\/index.php?rest_route=\/wp\/v2\/pages\/120\/revisions"}],"predecessor-version":[{"id":605,"href":"https:\/\/trafikcity.net\/index.php?rest_route=\/wp\/v2\/pages\/120\/revisions\/605"}],"up":[{"embeddable":true,"href":"https:\/\/trafikcity.net\/index.php?rest_route=\/wp\/v2\/pages\/68"}],"wp:attachment":[{"href":"https:\/\/trafikcity.net\/index.php?rest_route=%2Fwp%2Fv2%2Fmedia&parent=120"}],"curies":[{"name":"wp","href":"https:\/\/api.w.org\/{rel}","templated":true}]}}